{"id":8,"date":"2025-02-27T20:37:05","date_gmt":"2025-02-27T19:37:05","guid":{"rendered":"http:\/\/new.zum-goldenen-hirsch.de\/?page_id=8"},"modified":"2026-03-20T18:41:46","modified_gmt":"2026-03-20T17:41:46","slug":"home","status":"publish","type":"page","link":"https:\/\/www.zum-goldenen-hirsch.de\/","title":{"rendered":"Home"},"content":{"rendered":"<div class=\"lazyblock-card-Z1JDXzQ wp-block-lazyblock-card\"><article class=\"col-12\" id=\"ihre-unterkunft\">\n        <div class=\"card\">\n            <header>\n                <h1 class=\"card-header\">Ihre Unterkunft f\u00fcr Monteure, Handwerker, Vertreter, Firmenreisende und Business in Bad Bevensen<\/h1>\n            <\/header>\n            <section class=\"card-block\">\n                <h2 class=\"card-title d-none d-xl-block\"><\/h2>\n                <div class=\"row\">\n                    <div class=\"col-lg-6\">\n                                                                      <div class=\"carousel slide\" data-ride=\"carousel\" id=\"Ihre UnterkunftSlider\" style=\"margin-top: 0px;\">\n                            <ol class=\"carousel-indicators\">\n                                                              <li class=\"active\" data-slide-to=\"0\" data-target=\"#Ihre UnterkunftSlider\"><\/li>\n                                                              <li class=\"\" data-slide-to=\"1\" data-target=\"#Ihre UnterkunftSlider\"><\/li>\n                                                              <li class=\"\" data-slide-to=\"2\" data-target=\"#Ihre UnterkunftSlider\"><\/li>\n                                                              <li class=\"\" data-slide-to=\"3\" data-target=\"#Ihre UnterkunftSlider\"><\/li>\n                                                              <li class=\"\" data-slide-to=\"4\" data-target=\"#Ihre UnterkunftSlider\"><\/li>\n                                                              <li class=\"\" data-slide-to=\"5\" data-target=\"#Ihre UnterkunftSlider\"><\/li>\n                                                              <li class=\"\" data-slide-to=\"6\" data-target=\"#Ihre UnterkunftSlider\"><\/li>\n                                                              <li class=\"\" data-slide-to=\"7\" data-target=\"#Ihre UnterkunftSlider\"><\/li>\n                                                          <\/ol>\n                            <div class=\"carousel-inner\" role=\"listbox\">\n                                                          \n                              <div class=\"carousel-item active \">\n                                <img decoding=\"async\" class=\"img-fluid lazy\"  src=\"https:\/\/www.zum-goldenen-hirsch.de\/wp-content\/uploads\/2026\/01\/39a9e476-0c0c-4dac-a64f-81fa184b73d7-Kopie-1.jpg\" alt=\"\">\n                              <\/div>\n                                                          \n                              <div class=\"carousel-item  \">\n                                <img decoding=\"async\" class=\"img-fluid lazy\"  src=\"https:\/\/www.zum-goldenen-hirsch.de\/wp-content\/uploads\/2026\/01\/Prakplatz_1.jpg\" alt=\"\">\n                              <\/div>\n                                                          \n                              <div class=\"carousel-item  \">\n                                <img decoding=\"async\" class=\"img-fluid lazy\"  src=\"https:\/\/www.zum-goldenen-hirsch.de\/wp-content\/uploads\/2025\/03\/Hotel_Einzelzimmer_1.jpg\" alt=\"\">\n                              <\/div>\n                                                          \n                              <div class=\"carousel-item  \">\n                                <img decoding=\"async\" class=\"img-fluid lazy\"  src=\"https:\/\/www.zum-goldenen-hirsch.de\/wp-content\/uploads\/2025\/03\/Hotel_Einzelzimmer_2.jpg\" alt=\"\">\n                              <\/div>\n                                                          \n                              <div class=\"carousel-item  \">\n                                <img decoding=\"async\" class=\"img-fluid lazy\"  src=\"https:\/\/www.zum-goldenen-hirsch.de\/wp-content\/uploads\/2025\/03\/Hotel_Einzelzimmer_3.jpg\" alt=\"\">\n                              <\/div>\n                                                          \n                              <div class=\"carousel-item  \">\n                                <img decoding=\"async\" class=\"img-fluid lazy\"  src=\"https:\/\/www.zum-goldenen-hirsch.de\/wp-content\/uploads\/2026\/01\/LJB_3399-HDR-Pano1.jpg\" alt=\"\">\n                              <\/div>\n                                                          \n                              <div class=\"carousel-item  \">\n                                <img decoding=\"async\" class=\"img-fluid lazy\"  src=\"https:\/\/www.zum-goldenen-hirsch.de\/wp-content\/uploads\/2026\/01\/LJB_3399-HDR-Pano.jpg\" alt=\"\">\n                              <\/div>\n                                                          \n                              <div class=\"carousel-item  \">\n                                <img decoding=\"async\" class=\"img-fluid lazy\"  src=\"https:\/\/www.zum-goldenen-hirsch.de\/wp-content\/uploads\/2026\/01\/IMG_8209-1-1.jpg\" alt=\"\">\n                              <\/div>\n                                                        <\/div>\n                            <a class=\"carousel-control-prev\" data-slide=\"prev\" href=\"#Ihre UnterkunftSlider\" role=\"button\">\n                                  <span aria-hidden=\"true\" class=\"carousel-control-prev-icon\"><\/span>\n                                  <span class=\"sr-only\">Previous<\/span>\n                              <\/a>\n                              <a class=\"carousel-control-next\" data-slide=\"next\" href=\"#Ihre UnterkunftSlider\" role=\"button\">\n                                  <span aria-hidden=\"true\" class=\"carousel-control-next-icon\"><\/span>\n                                  <span class=\"sr-only\">Next<\/span>\n                              <\/a>\n                          <\/div>\n                                                \n                    <\/div>\n                    <div class=\"col-lg-6 col-12 card-content\">\n                      <p><strong>Ihre 1. Adresse f\u00fcr Monteure, Handwerker, Vertreter und Firmenreisende in Bad Bevensen<\/strong><\/p>\n<p>Unser Service ist speziell auf die Bed\u00fcrfnisse von Monteuren, Handwerkern, Firmenreisende und Business abgestimmt.<br \/>Wir bieten flexible Buchungsm\u00f6glichkeiten, eine unkomplizierte Abwicklung sowie komfortable Zimmer mit regelm\u00e4\u00dfiger Reinigung.<br \/>Pers\u00f6nliche Betreuung, kurze Wege und faire Konditionen sorgen daf\u00fcr, dass Sie sich auch bei l\u00e4ngeren Aufenthalten gut aufgehoben f\u00fchlen.<\/p>\n<ul>\n<li>Viele Einzelzimmer erm\u00f6glichen auch ganzen Kolonnen einen komfortablen Aufenthalt<\/li>\n<li>Ideal f\u00fcr Langzeitaufenthalte \u2013 attraktiver Monatstarif<\/li>\n<li>Jedes Zimmer verf\u00fcgt \u00fcber DU\/WC, Flat-TV, W-LAN, Raucherbalkon, Wasserkocher<\/li>\n<li>Regelm\u00e4\u00dfige Zimmerreinigung - stets sauber und gepflegt<\/li>\n<li>Alle Zimmer auch bequem per Fahrstuhl erreichbar<\/li>\n<li>Ruhige und zugleich zentrale Sackgassenlage mit Wendehammer mitten im Hotelviertel<\/li>\n<li>Gemeinschafts, K\u00fchl- und Gefrierschr\u00e4nke, Mikrowellen, Geschirr, usw.<\/li>\n<li>Handwerker-Fr\u00fchst\u00fcck (auf Anfrage und Absprache zubuchbar)<\/li>\n<li>Kostenloses W-LAN \u2013 Free Wi-Fi im gesamten Hotel<\/li>\n<li>Getr\u00e4nkek\u00fchlschrank und Aufenthaltsraum vorhanden<\/li>\n<li>Ausreichend Parkpl\u00e4tze f\u00fcr Pkw, Transporter und kleine LKW<\/li>\n<li>Schnelle und unkomplizierte Buchung per Telefon oder E-Mail<\/li>\n<li>Flexible Zahlungsm\u00f6glichkeiten (s. Preis &amp; Konditionen)<\/li>\n<li>Im Umkreis von 1000 m befinden sich:<br \/>6 Superm\u00e4rkte, 4 B\u00e4cker, 10 Imbisse sowie diverse Lieferdienste<\/li>\n<li>Pers\u00f6nlich gef\u00fchrtes Hotel \u2013 Sie haben einen Ansprechpartner<\/li>\n<\/ul>                    <\/div>\n                <\/div>\n            <\/section>\n        <\/div>\n<\/article><\/div>\n\n<div class=\"lazyblock-card-SJ3AU wp-block-lazyblock-card\"><article class=\"col-12\" id=\"preise-konditionen\">\n        <div class=\"card\">\n            <header>\n                <h1 class=\"card-header\">Preise & Konditionen<\/h1>\n            <\/header>\n            <section class=\"card-block\">\n                <h2 class=\"card-title d-none d-xl-block\"><\/h2>\n                <div class=\"row\">\n                    <div class=\"col-lg-6\">\n                                                                        <img decoding=\"async\" src=\"https:\/\/www.zum-goldenen-hirsch.de\/wp-content\/uploads\/2026\/01\/39a9e476-0c0c-4dac-a64f-81fa184b73d7-Kopie-1.jpg\" alt=\"<br \/>\n<b>Warning<\/b>:  Undefined variable $image in <b>\/var\/www\/zum-goldenen-hirsch.de\/wp-content\/plugins\/lazy-blocks\/classes\/class-blocks.php(1637) : eval()'d code<\/b> on line <b>36<\/b><br \/>\n<br \/>\n<b>Warning<\/b>:  Trying to access array offset on null in <b>\/var\/www\/zum-goldenen-hirsch.de\/wp-content\/plugins\/lazy-blocks\/classes\/class-blocks.php(1637) : eval()'d code<\/b> on line <b>36<\/b><br \/>\n\">\n                                                \n                    <\/div>\n                    <div class=\"col-lg-6 col-12 card-content\">\n                      <ul>\n<li>1 - 2 N\u00e4chte: 65,00 \u20ac pro Person und Nacht<\/li>\n<li>3 - 5 N\u00e4chte: 59,00 \u20ac pro Person und Nacht<\/li>\n<li>Ab 6 N\u00e4chten: 55,00 \u20ac pro Person und Nacht<\/li>\n<li>Ab 30 N\u00e4chte: 50,00 \u20ac pro Person und Nacht<br \/><br \/><\/li>\n<li>Fr\u00fchst\u00fcck auf Anfrage und Absprache zubuchbar<\/li>\n<li>W\u00e4scheservice auf Anfrage<\/li>\n<\/ul>\n<p>&nbsp;<\/p>\n<p>Flexible Zahlungsm\u00f6glichkeiten:<\/p>\n<ul>\n<li>Barzahlung<\/li>\n<li>Kartenzahlung<\/li>\n<li>Kosten\u00fcbernahme mit Rechnung<\/li>\n<li>Zahlung per Bank\u00fcberweisung<\/li>\n<li>Zahlung bei Abreise<\/li>\n<\/ul>                    <\/div>\n                <\/div>\n            <\/section>\n        <\/div>\n<\/article><\/div>\n\n<div class=\"lazyblock-card-2qtETH wp-block-lazyblock-card\"><article class=\"col-12\" id=\"kontkat-buchung\">\n        <div class=\"card\">\n            <header>\n                <h1 class=\"card-header\">Kontakt & Buchung<\/h1>\n            <\/header>\n            <section class=\"card-block\">\n                <h2 class=\"card-title d-none d-xl-block\"><\/h2>\n                <div class=\"row\">\n                    <div class=\"col-lg-6\">\n                                                                        <img decoding=\"async\" src=\"https:\/\/www.zum-goldenen-hirsch.de\/wp-content\/uploads\/2025\/03\/Hirsch_Logo_sq.jpg\" alt=\"<br \/>\n<b>Warning<\/b>:  Undefined variable $image in <b>\/var\/www\/zum-goldenen-hirsch.de\/wp-content\/plugins\/lazy-blocks\/classes\/class-blocks.php(1637) : eval()'d code<\/b> on line <b>36<\/b><br \/>\n<br \/>\n<b>Warning<\/b>:  Trying to access array offset on null in <b>\/var\/www\/zum-goldenen-hirsch.de\/wp-content\/plugins\/lazy-blocks\/classes\/class-blocks.php(1637) : eval()'d code<\/b> on line <b>36<\/b><br \/>\n\">\n                                                \n                    <\/div>\n                    <div class=\"col-lg-6 col-12 card-content\">\n                      <p class=\"col-lg-12 col-12 pt-5 pt-lg-0\">Hotel Zum Goldenen Hirsch<br \/>Zur Amtsheide 10<br \/>29549 Bad Bevensen<br \/><br \/><strong>Tel: 05821 98210<\/strong><br \/><strong>Mobil: 0152 26740850<\/strong><br \/><strong>Mail: <\/strong><a href=\"mailto:hotel@zum-goldenen-hirsch.de\"><strong>hotel@zum-goldenen-hirsch.de<\/strong><\/a><br \/><br \/><\/p>                    <\/div>\n                <\/div>\n            <\/section>\n        <\/div>\n<\/article><\/div>\n\n<div class=\"lazyblock-map-block-Z2kJDWK wp-block-lazyblock-map-block\"><article class=\"col-12\" id=\"anreise\">\n        <div class=\"card\">\n            <header>\n                <h1 class=\"card-header\">Anreise zum Hotel<\/h1>\n            <\/header>\n            <section class=\"card-block\">\n                <h2 class=\"card-title d-none d-xl-block\"><\/h2>\n                <div class=\"row\">\n                                        <div class=\"col-lg-12 col-12 card-content\">\n                        <iframe src=\"https:\/\/www.google.com\/maps\/embed?pb=!1m18!1m12!1m3!1d2396.3240809065733!2d10.5879319!3d53.086414399999995!2m3!1f0!2f0!3f0!3m2!1i1024!2i768!4f13.1!3m3!1m2!1s0x47ae28a5d6afd295%3A0xa76dd96271039a1d!2sKurhotel-Pension%20Zum%20goldenen%20Hirsch!5e0!3m2!1sde!2sde!4v1769851795782!5m2!1sde!2sde\" width=\"100%\" height=\"450\" style=\"border:0;\" allowfullscreen=\"\" loading=\"lazy\" referrerpolicy=\"no-referrer-when-downgrade\"><\/iframe>                      <\/div>\n                                        <div class=\"col-lg-12 col-12 card-content\">\n                      <p><strong>Anreise von Norden<br \/><\/strong>\u00dcber die A7 bis Autobahnkreuz Maschener Kreuz, weiter auf der A39 Richtung L\u00fcneburg.<br \/>Ab L\u00fcneburg der B4 Richtung Uelzen folgen und die Abfahrt Bad Bevensen nehmen.<\/p>\n<p><strong><br \/>Anreise von S\u00fcden<br \/><\/strong>\u00dcber die A7 bis Dreieck Salzgitter, weiter auf der A39 Richtung Braunschweig.<br \/>Ab Braunschweig der B4 Richtung Uelzen\/L\u00fcneburg folgen und die Abfahrt Bad Bevensen nehmen.<\/p>\n<p>Alternativ:<br \/>\u00dcber die A9 auf die A14 Richtung Magdeburg, anschlie\u00dfend \u00fcber die B71 nach Uelzen und von dort auf die B4 Richtung L\u00fcneburg, Abfahrt Bad Bevensen.<\/p>\n<p><strong><br \/>Anreise von Westen<br \/><\/strong>\u00dcber die A2 bis zur A352 Richtung Hamburg, anschlie\u00dfend auf die A7.<br \/>Abfahrt Soltau-Ost, dann der B71 Richtung Uelzen folgen.<br \/>Ca. 10 km hinter Munster links abbiegen in Richtung Ebstorf \/ Bad Bevensen.<\/p>\n<p><strong><br \/>Anreise von Osten<br \/><\/strong>\u00dcber die A2 bis Braunschweig, anschlie\u00dfend der B4 Richtung Gifhorn \u2013 Uelzen \u2013 Bad Bevensen folgen.<\/p>\n<p><br \/><strong>Anfahrt innerhalb von Bad Bevensen<\/strong><br \/>Von der Ortsumgehung kommend biegen Sie an der zweiten Ampel links in die Dahlenburger Stra\u00dfe ein.<br \/>Fahren Sie am Kurzentrum vorbei und biegen Sie nach ca. 800 m links in die Stra\u00dfe Amtsheide ein.<br \/>Nach weiteren 100 m biegen Sie rechts in die Sackgasse ein.<\/p>\n<p><br \/>Ihr Ziel ist der gro\u00dfe Hirsch.<\/p>\n<p><img loading=\"lazy\" decoding=\"async\" class=\"alignnone size-medium wp-image-64\" src=\"http:\/\/new.zum-goldenen-hirsch.de\/wp-content\/uploads\/2025\/03\/Hotel-Zum-Goldenen-Hirsch_sq-300x300.jpg\" alt=\"\" width=\"300\" height=\"300\" srcset=\"https:\/\/www.zum-goldenen-hirsch.de\/wp-content\/uploads\/2025\/03\/Hotel-Zum-Goldenen-Hirsch_sq-300x300.jpg 300w, https:\/\/www.zum-goldenen-hirsch.de\/wp-content\/uploads\/2025\/03\/Hotel-Zum-Goldenen-Hirsch_sq-1024x1024.jpg 1024w, https:\/\/www.zum-goldenen-hirsch.de\/wp-content\/uploads\/2025\/03\/Hotel-Zum-Goldenen-Hirsch_sq-150x150.jpg 150w, https:\/\/www.zum-goldenen-hirsch.de\/wp-content\/uploads\/2025\/03\/Hotel-Zum-Goldenen-Hirsch_sq-768x768.jpg 768w, https:\/\/www.zum-goldenen-hirsch.de\/wp-content\/uploads\/2025\/03\/Hotel-Zum-Goldenen-Hirsch_sq-1536x1536.jpg 1536w, https:\/\/www.zum-goldenen-hirsch.de\/wp-content\/uploads\/2025\/03\/Hotel-Zum-Goldenen-Hirsch_sq-2048x2048.jpg 2048w\" sizes=\"auto, (max-width: 300px) 100vw, 300px\" \/><br \/><strong>Kostenlose Parkpl\u00e4tze stehen direkt vor dem Hotel auf der linken und rechten Seite zur Verf\u00fcgung.<\/strong><\/p>                    <\/div>\n                <\/div>\n            <\/section>\n        <\/div>\n<\/article><\/div>","protected":false},"excerpt":{"rendered":"","protected":false},"author":1,"featured_media":0,"parent":0,"menu_order":0,"comment_status":"closed","ping_status":"closed","template":"","meta":{"footnotes":""},"class_list":["post-8","page","type-page","status-publish","hentry"],"_links":{"self":[{"href":"https:\/\/www.zum-goldenen-hirsch.de\/index.php\/wp-json\/wp\/v2\/pages\/8","targetHints":{"allow":["GET"]}}],"collection":[{"href":"https:\/\/www.zum-goldenen-hirsch.de\/index.php\/wp-json\/wp\/v2\/pages"}],"about":[{"href":"https:\/\/www.zum-goldenen-hirsch.de\/index.php\/wp-json\/wp\/v2\/types\/page"}],"author":[{"embeddable":true,"href":"https:\/\/www.zum-goldenen-hirsch.de\/index.php\/wp-json\/wp\/v2\/users\/1"}],"replies":[{"embeddable":true,"href":"https:\/\/www.zum-goldenen-hirsch.de\/index.php\/wp-json\/wp\/v2\/comments?post=8"}],"version-history":[{"count":88,"href":"https:\/\/www.zum-goldenen-hirsch.de\/index.php\/wp-json\/wp\/v2\/pages\/8\/revisions"}],"predecessor-version":[{"id":186,"href":"https:\/\/www.zum-goldenen-hirsch.de\/index.php\/wp-json\/wp\/v2\/pages\/8\/revisions\/186"}],"wp:attachment":[{"href":"https:\/\/www.zum-goldenen-hirsch.de\/index.php\/wp-json\/wp\/v2\/media?parent=8"}],"curies":[{"name":"wp","href":"https:\/\/api.w.org\/{rel}","templated":true}]}}